{"id":1586,"date":"2025-10-04T11:22:22","date_gmt":"2025-10-04T11:22:22","guid":{"rendered":"https:\/\/www.agronobex.com\/?page_id=1586"},"modified":"2025-12-08T23:45:29","modified_gmt":"2025-12-08T23:45:29","slug":"nuestras-presentaciones","status":"publish","type":"page","link":"https:\/\/www.agronobex.com\/en\/nuestras-presentaciones\/","title":{"rendered":"Our Product Presentations"},"content":{"rendered":"<div data-elementor-type=\"wp-page\" data-elementor-id=\"1586\" class=\"elementor elementor-1586\" data-elementor-post-type=\"page\">\n\t\t\t\t<div class=\"elementor-element elementor-element-a8bcc91 e-flex e-con-boxed e-con e-parent\" data-id=\"a8bcc91\" data-element_type=\"container\" data-settings=\"{&quot;background_background&quot;:&quot;classic&quot;}\">\n\t\t\t\t\t<div class=\"e-con-inner\">\n\t\t\t\t<div class=\"elementor-element elementor-element-fe42208 elementor-widget__width-initial elementor-widget elementor-widget-heading\" data-id=\"fe42208\" data-element_type=\"widget\" data-widget_type=\"heading.default\">\n\t\t\t\t\t<h2 class=\"elementor-heading-title elementor-size-default\">Our Product Presentations<\/h2>\t\t\t\t<\/div>\n\t\t\t\t\t<\/div>\n\t\t\t\t<\/div>\n\t\t<div class=\"elementor-element elementor-element-0fcecb5 e-flex e-con-boxed e-con e-parent\" data-id=\"0fcecb5\" data-element_type=\"container\">\n\t\t\t\t\t<div class=\"e-con-inner\">\n\t\t<div class=\"elementor-element elementor-element-fe0ab1c e-con-full e-flex e-con e-child\" data-id=\"fe0ab1c\" data-element_type=\"container\">\n\t\t\t\t<div class=\"elementor-element elementor-element-cd8edc7 elementor-widget elementor-widget-heading\" data-id=\"cd8edc7\" data-element_type=\"widget\" data-widget_type=\"heading.default\">\n\t\t\t\t\t<h2 class=\"elementor-heading-title elementor-size-default\">Presentations<\/h2>\t\t\t\t<\/div>\n\t\t\t\t<div class=\"elementor-element elementor-element-7016f6a elementor-widget__width-initial elementor-widget elementor-widget-text-editor\" data-id=\"7016f6a\" data-element_type=\"widget\" data-widget_type=\"text-editor.default\">\n\t\t\t\t\t\t\t\t\t<p>Quality, variety, and convenience in every product format.<\/p>\t\t\t\t\t\t\t\t<\/div>\n\t\t<div class=\"elementor-element elementor-element-3c64cf9 e-con-full e-flex e-con e-child\" data-id=\"3c64cf9\" data-element_type=\"container\">\n\t\t<div class=\"elementor-element elementor-element-85a3b59 e-con-full e-flex e-con e-child\" data-id=\"85a3b59\" data-element_type=\"container\" data-settings=\"{&quot;background_background&quot;:&quot;classic&quot;}\">\n\t\t\t\t<div class=\"elementor-element elementor-element-d2aa68d elementor-widget elementor-widget-heading\" data-id=\"d2aa68d\" data-element_type=\"widget\" data-widget_type=\"heading.default\">\n\t\t\t\t\t<h2 class=\"elementor-heading-title elementor-size-default\">Glass Jars<\/h2>\t\t\t\t<\/div>\n\t\t\t\t<div class=\"elementor-element elementor-element-40c9222 elementor-widget elementor-widget-text-editor\" data-id=\"40c9222\" data-element_type=\"widget\" data-widget_type=\"text-editor.default\">\n\t\t\t\t\t\t\t\t\t<p>Complete catalog of glass jars available in different sizes and presentations.<\/p>\t\t\t\t\t\t\t\t<\/div>\n\t\t\t\t<div class=\"elementor-element elementor-element-4343dd0 elementor-widget elementor-widget-button\" data-id=\"4343dd0\" data-element_type=\"widget\" data-widget_type=\"button.default\">\n\t\t\t\t\t\t\t\t\t\t<a class=\"elementor-button elementor-button-link elementor-size-sm\" href=\"https:\/\/www.agronobex.com\/en\/category\/frascos-de-vidrio\/\">\n\t\t\t\t\t\t<span class=\"elementor-button-content-wrapper\">\n\t\t\t\t\t\t\t\t\t<span class=\"elementor-button-text\">View catalog<\/span>\n\t\t\t\t\t<\/span>\n\t\t\t\t\t<\/a>\n\t\t\t\t\t\t\t\t<\/div>\n\t\t\t\t<\/div>\n\t\t<div class=\"elementor-element elementor-element-2605cb6 e-con-full e-flex e-con e-child\" data-id=\"2605cb6\" data-element_type=\"container\" data-settings=\"{&quot;background_background&quot;:&quot;classic&quot;}\">\n\t\t\t\t<div class=\"elementor-element elementor-element-e55db50 elementor-widget elementor-widget-image\" data-id=\"e55db50\" data-element_type=\"widget\" data-widget_type=\"image.default\">\n\t\t\t\t\t\t\t\t\t\t\t\t\t\t\t<img fetchpriority=\"high\" decoding=\"async\" width=\"800\" height=\"550\" src=\"https:\/\/www.agronobex.com\/wp-content\/uploads\/2025\/10\/Recurso-21vidrio-1024x704.webp\" class=\"attachment-large size-large wp-image-1600\" alt=\"\" srcset=\"https:\/\/www.agronobex.com\/wp-content\/uploads\/2025\/10\/Recurso-21vidrio-1024x704.webp 1024w, https:\/\/www.agronobex.com\/wp-content\/uploads\/2025\/10\/Recurso-21vidrio-300x206.webp 300w, https:\/\/www.agronobex.com\/wp-content\/uploads\/2025\/10\/Recurso-21vidrio-768x528.webp 768w, https:\/\/www.agronobex.com\/wp-content\/uploads\/2025\/10\/Recurso-21vidrio-1536x1057.webp 1536w, https:\/\/www.agronobex.com\/wp-content\/uploads\/2025\/10\/Recurso-21vidrio.webp 1580w\" sizes=\"(max-width: 800px) 100vw, 800px\" \/>\t\t\t\t\t\t\t\t\t\t\t\t\t\t\t<\/div>\n\t\t\t\t<\/div>\n\t\t\t\t<\/div>\n\t\t<div class=\"elementor-element elementor-element-379a916 e-con-full e-flex e-con e-child\" data-id=\"379a916\" data-element_type=\"container\">\n\t\t<div class=\"elementor-element elementor-element-562add3 e-con-full e-flex e-con e-child\" data-id=\"562add3\" data-element_type=\"container\" data-settings=\"{&quot;background_background&quot;:&quot;classic&quot;}\">\n\t\t\t\t<div class=\"elementor-element elementor-element-552d1da elementor-widget elementor-widget-image\" data-id=\"552d1da\" data-element_type=\"widget\" data-widget_type=\"image.default\">\n\t\t\t\t\t\t\t\t\t\t\t\t\t\t\t<img decoding=\"async\" width=\"800\" height=\"545\" src=\"https:\/\/www.agronobex.com\/wp-content\/uploads\/2025\/10\/Recurso-22plastico-1024x698.webp\" class=\"attachment-large size-large wp-image-1640\" alt=\"\" srcset=\"https:\/\/www.agronobex.com\/wp-content\/uploads\/2025\/10\/Recurso-22plastico-1024x698.webp 1024w, https:\/\/www.agronobex.com\/wp-content\/uploads\/2025\/10\/Recurso-22plastico-300x205.webp 300w, https:\/\/www.agronobex.com\/wp-content\/uploads\/2025\/10\/Recurso-22plastico-768x524.webp 768w, https:\/\/www.agronobex.com\/wp-content\/uploads\/2025\/10\/Recurso-22plastico-1536x1047.webp 1536w, https:\/\/www.agronobex.com\/wp-content\/uploads\/2025\/10\/Recurso-22plastico.webp 1596w\" sizes=\"(max-width: 800px) 100vw, 800px\" \/>\t\t\t\t\t\t\t\t\t\t\t\t\t\t\t<\/div>\n\t\t\t\t<\/div>\n\t\t<div class=\"elementor-element elementor-element-ba686db e-con-full e-flex e-con e-child\" data-id=\"ba686db\" data-element_type=\"container\" data-settings=\"{&quot;background_background&quot;:&quot;classic&quot;}\">\n\t\t\t\t<div class=\"elementor-element elementor-element-1f3ced2 elementor-widget elementor-widget-heading\" data-id=\"1f3ced2\" data-element_type=\"widget\" data-widget_type=\"heading.default\">\n\t\t\t\t\t<h2 class=\"elementor-heading-title elementor-size-default\">Retail\/Food Service<\/h2>\t\t\t\t<\/div>\n\t\t\t\t<div class=\"elementor-element elementor-element-d27a24e elementor-widget elementor-widget-text-editor\" data-id=\"d27a24e\" data-element_type=\"widget\" data-widget_type=\"text-editor.default\">\n\t\t\t\t\t\t\t\t\t<p>Catalog of bulk packaging formats used for our product lines.<\/p>\t\t\t\t\t\t\t\t<\/div>\n\t\t\t\t<div class=\"elementor-element elementor-element-5914059 elementor-widget elementor-widget-button\" data-id=\"5914059\" data-element_type=\"widget\" data-widget_type=\"button.default\">\n\t\t\t\t\t\t\t\t\t\t<a class=\"elementor-button elementor-button-link elementor-size-sm\" href=\"https:\/\/www.agronobex.com\/en\/category\/retail-food-service\/\">\n\t\t\t\t\t\t<span class=\"elementor-button-content-wrapper\">\n\t\t\t\t\t\t\t\t\t<span class=\"elementor-button-text\">View catalog<\/span>\n\t\t\t\t\t<\/span>\n\t\t\t\t\t<\/a>\n\t\t\t\t\t\t\t\t<\/div>\n\t\t\t\t<\/div>\n\t\t\t\t<\/div>\n\t\t<div class=\"elementor-element elementor-element-f71b333 e-con-full e-flex e-con e-child\" data-id=\"f71b333\" data-element_type=\"container\">\n\t\t<div class=\"elementor-element elementor-element-bbe50a7 e-con-full e-flex e-con e-child\" data-id=\"bbe50a7\" data-element_type=\"container\" data-settings=\"{&quot;background_background&quot;:&quot;classic&quot;}\">\n\t\t\t\t<div class=\"elementor-element elementor-element-509d303 elementor-widget elementor-widget-heading\" data-id=\"509d303\" data-element_type=\"widget\" data-widget_type=\"heading.default\">\n\t\t\t\t\t<h2 class=\"elementor-heading-title elementor-size-default\">Doy Packs<\/h2>\t\t\t\t<\/div>\n\t\t\t\t<div class=\"elementor-element elementor-element-ed7cce0 elementor-widget elementor-widget-text-editor\" data-id=\"ed7cce0\" data-element_type=\"widget\" data-widget_type=\"text-editor.default\">\n\t\t\t\t\t\t\t\t\t<p>Catalog of Doy Pack packaging formats, practical and durable, ideal for maintaining the freshness and quality of our products.<\/p>\t\t\t\t\t\t\t\t<\/div>\n\t\t\t\t<div class=\"elementor-element elementor-element-0cc582f elementor-widget elementor-widget-button\" data-id=\"0cc582f\" data-element_type=\"widget\" data-widget_type=\"button.default\">\n\t\t\t\t\t\t\t\t\t\t<a class=\"elementor-button elementor-button-link elementor-size-sm\" href=\"https:\/\/www.agronobex.com\/en\/category\/doy-packs\/\">\n\t\t\t\t\t\t<span class=\"elementor-button-content-wrapper\">\n\t\t\t\t\t\t\t\t\t<span class=\"elementor-button-text\">View catalog<\/span>\n\t\t\t\t\t<\/span>\n\t\t\t\t\t<\/a>\n\t\t\t\t\t\t\t\t<\/div>\n\t\t\t\t<\/div>\n\t\t<div class=\"elementor-element elementor-element-ae15682 e-con-full e-flex e-con e-child\" data-id=\"ae15682\" data-element_type=\"container\" data-settings=\"{&quot;background_background&quot;:&quot;classic&quot;}\">\n\t\t\t\t<div class=\"elementor-element elementor-element-17e48ea elementor-widget elementor-widget-image\" data-id=\"17e48ea\" data-element_type=\"widget\" data-widget_type=\"image.default\">\n\t\t\t\t\t\t\t\t\t\t\t\t\t\t\t<img decoding=\"async\" width=\"800\" height=\"550\" src=\"https:\/\/www.agronobex.com\/wp-content\/uploads\/2025\/10\/Recurso-23doypacks-1024x704.webp\" class=\"attachment-large size-large wp-image-1644\" alt=\"\" srcset=\"https:\/\/www.agronobex.com\/wp-content\/uploads\/2025\/10\/Recurso-23doypacks-1024x704.webp 1024w, https:\/\/www.agronobex.com\/wp-content\/uploads\/2025\/10\/Recurso-23doypacks-300x206.webp 300w, https:\/\/www.agronobex.com\/wp-content\/uploads\/2025\/10\/Recurso-23doypacks-768x528.webp 768w, https:\/\/www.agronobex.com\/wp-content\/uploads\/2025\/10\/Recurso-23doypacks-1536x1055.webp 1536w, https:\/\/www.agronobex.com\/wp-content\/uploads\/2025\/10\/Recurso-23doypacks.webp 1582w\" sizes=\"(max-width: 800px) 100vw, 800px\" \/>\t\t\t\t\t\t\t\t\t\t\t\t\t\t\t<\/div>\n\t\t\t\t<\/div>\n\t\t\t\t<\/div>\n\t\t<div class=\"elementor-element elementor-element-ed7d2a2 e-con-full e-flex e-con e-child\" data-id=\"ed7d2a2\" data-element_type=\"container\">\n\t\t<div class=\"elementor-element elementor-element-c1a2e0d e-con-full e-flex e-con e-child\" data-id=\"c1a2e0d\" data-element_type=\"container\" data-settings=\"{&quot;background_background&quot;:&quot;classic&quot;}\">\n\t\t\t\t<div class=\"elementor-element elementor-element-12f1b07 elementor-widget elementor-widget-image\" data-id=\"12f1b07\" data-element_type=\"widget\" data-widget_type=\"image.default\">\n\t\t\t\t\t\t\t\t\t\t\t\t\t\t\t<img loading=\"lazy\" decoding=\"async\" width=\"800\" height=\"556\" src=\"https:\/\/www.agronobex.com\/wp-content\/uploads\/2025\/10\/2023-1024x712.webp\" class=\"attachment-large size-large wp-image-2121\" alt=\"\" srcset=\"https:\/\/www.agronobex.com\/wp-content\/uploads\/2025\/10\/2023-1024x712.webp 1024w, https:\/\/www.agronobex.com\/wp-content\/uploads\/2025\/10\/2023-300x209.webp 300w, https:\/\/www.agronobex.com\/wp-content\/uploads\/2025\/10\/2023-768x534.webp 768w, https:\/\/www.agronobex.com\/wp-content\/uploads\/2025\/10\/2023.webp 1150w\" sizes=\"(max-width: 800px) 100vw, 800px\" \/>\t\t\t\t\t\t\t\t\t\t\t\t\t\t\t<\/div>\n\t\t\t\t<\/div>\n\t\t<div class=\"elementor-element elementor-element-6d1b317 e-con-full e-flex e-con e-child\" data-id=\"6d1b317\" data-element_type=\"container\" data-settings=\"{&quot;background_background&quot;:&quot;classic&quot;}\">\n\t\t\t\t<div class=\"elementor-element elementor-element-9267c7d elementor-widget elementor-widget-heading\" data-id=\"9267c7d\" data-element_type=\"widget\" data-widget_type=\"heading.default\">\n\t\t\t\t\t<h2 class=\"elementor-heading-title elementor-size-default\">Brine-Free Packaging<\/h2>\t\t\t\t<\/div>\n\t\t\t\t<div class=\"elementor-element elementor-element-10cb4fd elementor-widget elementor-widget-text-editor\" data-id=\"10cb4fd\" data-element_type=\"widget\" data-widget_type=\"text-editor.default\">\n\t\t\t\t\t\t\t\t\t<p>Catalog of modified-atmosphere packaging formats without brine.<\/p>\t\t\t\t\t\t\t\t<\/div>\n\t\t\t\t<div class=\"elementor-element elementor-element-fbd08af elementor-widget elementor-widget-button\" data-id=\"fbd08af\" data-element_type=\"widget\" data-widget_type=\"button.default\">\n\t\t\t\t\t\t\t\t\t\t<a class=\"elementor-button elementor-button-link elementor-size-sm\" href=\"https:\/\/www.agronobex.com\/en\/category\/envases-sin-salmuera\/\">\n\t\t\t\t\t\t<span class=\"elementor-button-content-wrapper\">\n\t\t\t\t\t\t\t\t\t<span class=\"elementor-button-text\">View catalog<\/span>\n\t\t\t\t\t<\/span>\n\t\t\t\t\t<\/a>\n\t\t\t\t\t\t\t\t<\/div>\n\t\t\t\t<\/div>\n\t\t\t\t<\/div>\n\t\t\t\t<\/div>\n\t\t\t\t\t<\/div>\n\t\t\t\t<\/div>\n\t\t\t\t<\/div>","protected":false},"excerpt":{"rendered":"<p>Nuestras Presentaciones Presentaciones Calidad, variedad y practicidad en cada presentaci\u00f3n de nuestros productos Frascos de vidrio Cat\u00e1logo completo de frascos de vidrio en diferentes tama\u00f1os y presentaciones Ver cat\u00e1logo Retail\/Food Service Cat\u00e1logo de presentaciones en envases a granel que utilizamos para nuestros productos. Ver cat\u00e1logo Doy Packs Cat\u00e1logo de presentaciones en envases Doy Pack, pr\u00e1cticos [&hellip;]<\/p>","protected":false},"author":1,"featured_media":0,"parent":0,"menu_order":0,"comment_status":"closed","ping_status":"closed","template":"","meta":{"_acf_changed":false,"footnotes":""},"class_list":["post-1586","page","type-page","status-publish","hentry"],"acf":[],"_links":{"self":[{"href":"https:\/\/www.agronobex.com\/en\/wp-json\/wp\/v2\/pages\/1586","targetHints":{"allow":["GET"]}}],"collection":[{"href":"https:\/\/www.agronobex.com\/en\/wp-json\/wp\/v2\/pages"}],"about":[{"href":"https:\/\/www.agronobex.com\/en\/wp-json\/wp\/v2\/types\/page"}],"author":[{"embeddable":true,"href":"https:\/\/www.agronobex.com\/en\/wp-json\/wp\/v2\/users\/1"}],"replies":[{"embeddable":true,"href":"https:\/\/www.agronobex.com\/en\/wp-json\/wp\/v2\/comments?post=1586"}],"version-history":[{"count":30,"href":"https:\/\/www.agronobex.com\/en\/wp-json\/wp\/v2\/pages\/1586\/revisions"}],"predecessor-version":[{"id":2253,"href":"https:\/\/www.agronobex.com\/en\/wp-json\/wp\/v2\/pages\/1586\/revisions\/2253"}],"wp:attachment":[{"href":"https:\/\/www.agronobex.com\/en\/wp-json\/wp\/v2\/media?parent=1586"}],"curies":[{"name":"wp","href":"https:\/\/api.w.org\/{rel}","templated":true}]}}