{"id":1094,"date":"2025-10-03T21:23:03","date_gmt":"2025-10-03T21:23:03","guid":{"rendered":"https:\/\/www.agronobex.com\/?page_id=1094"},"modified":"2025-11-04T17:52:28","modified_gmt":"2025-11-04T17:52:28","slug":"nuestras-marcas","status":"publish","type":"page","link":"https:\/\/www.agronobex.com\/en\/nuestras-marcas\/","title":{"rendered":"Our Brands"},"content":{"rendered":"<div data-elementor-type=\"wp-page\" data-elementor-id=\"1094\" class=\"elementor elementor-1094\" data-elementor-post-type=\"page\">\n\t\t\t\t<div class=\"elementor-element elementor-element-368d9e5 e-flex e-con-boxed e-con e-parent\" data-id=\"368d9e5\" data-element_type=\"container\" data-settings=\"{&quot;background_background&quot;:&quot;classic&quot;}\">\n\t\t\t\t\t<div class=\"e-con-inner\">\n\t\t\t\t<div class=\"elementor-element elementor-element-d510566 elementor-widget__width-initial elementor-widget elementor-widget-heading\" data-id=\"d510566\" data-element_type=\"widget\" data-widget_type=\"heading.default\">\n\t\t\t\t\t<h2 class=\"elementor-heading-title elementor-size-default\">Our Brands<\/h2>\t\t\t\t<\/div>\n\t\t\t\t\t<\/div>\n\t\t\t\t<\/div>\n\t\t<div class=\"elementor-element elementor-element-f0ba732 e-flex e-con-boxed e-con e-parent\" data-id=\"f0ba732\" data-element_type=\"container\" data-settings=\"{&quot;background_background&quot;:&quot;classic&quot;}\">\n\t\t\t\t\t<div class=\"e-con-inner\">\n\t\t<div class=\"elementor-element elementor-element-9504626 e-con-full e-flex e-con e-child\" data-id=\"9504626\" data-element_type=\"container\">\n\t\t\t\t<div class=\"elementor-element elementor-element-c3928b3 elementor-widget elementor-widget-heading\" data-id=\"c3928b3\" data-element_type=\"widget\" data-widget_type=\"heading.default\">\n\t\t\t\t\t<h2 class=\"elementor-heading-title elementor-size-default\">Our Brands<\/h2>\t\t\t\t<\/div>\n\t\t\t\t<div class=\"elementor-element elementor-element-10f8a4e elementor-widget__width-initial elementor-widget elementor-widget-text-editor\" data-id=\"10f8a4e\" data-element_type=\"widget\" data-widget_type=\"text-editor.default\">\n\t\t\t\t\t\t\t\t\tCreating brands that connect with diverse market needs\t\t\t\t\t\t\t\t<\/div>\n\t\t<div class=\"elementor-element elementor-element-dc42e52 e-con-full e-flex e-con e-child\" data-id=\"dc42e52\" data-element_type=\"container\">\n\t\t<div class=\"elementor-element elementor-element-83ee224 e-con-full e-flex e-con e-child\" data-id=\"83ee224\" data-element_type=\"container\" data-settings=\"{&quot;background_background&quot;:&quot;classic&quot;}\">\n\t\t\t\t<div class=\"elementor-element elementor-element-8e39177 elementor-widget elementor-widget-image\" data-id=\"8e39177\" data-element_type=\"widget\" data-widget_type=\"image.default\">\n\t\t\t\t\t\t\t\t\t\t\t\t\t\t\t<img fetchpriority=\"high\" decoding=\"async\" width=\"800\" height=\"534\" src=\"https:\/\/www.agronobex.com\/wp-content\/uploads\/2025\/10\/Recurso-50cale-01-1024x684.webp\" class=\"attachment-large size-large wp-image-1114\" alt=\"\" srcset=\"https:\/\/www.agronobex.com\/wp-content\/uploads\/2025\/10\/Recurso-50cale-01-1024x684.webp 1024w, https:\/\/www.agronobex.com\/wp-content\/uploads\/2025\/10\/Recurso-50cale-01-300x200.webp 300w, https:\/\/www.agronobex.com\/wp-content\/uploads\/2025\/10\/Recurso-50cale-01-768x513.webp 768w, https:\/\/www.agronobex.com\/wp-content\/uploads\/2025\/10\/Recurso-50cale-01-1536x1025.webp 1536w, https:\/\/www.agronobex.com\/wp-content\/uploads\/2025\/10\/Recurso-50cale-01.webp 1567w\" sizes=\"(max-width: 800px) 100vw, 800px\" \/>\t\t\t\t\t\t\t\t\t\t\t\t\t\t\t<\/div>\n\t\t\t\t<\/div>\n\t\t<div class=\"elementor-element elementor-element-fcb7582 e-con-full e-flex e-con e-child\" data-id=\"fcb7582\" data-element_type=\"container\" data-settings=\"{&quot;background_background&quot;:&quot;classic&quot;}\">\n\t\t\t\t<div class=\"elementor-element elementor-element-4f1f508 elementor-widget__width-initial elementor-widget elementor-widget-image\" data-id=\"4f1f508\" data-element_type=\"widget\" data-widget_type=\"image.default\">\n\t\t\t\t\t\t\t\t\t\t\t\t\t\t\t<img decoding=\"async\" width=\"309\" height=\"193\" src=\"https:\/\/www.agronobex.com\/wp-content\/uploads\/2025\/10\/Recurso-51logo-cale-01.png\" class=\"attachment-large size-large wp-image-1115\" alt=\"\" srcset=\"https:\/\/www.agronobex.com\/wp-content\/uploads\/2025\/10\/Recurso-51logo-cale-01.png 309w, https:\/\/www.agronobex.com\/wp-content\/uploads\/2025\/10\/Recurso-51logo-cale-01-300x187.png 300w\" sizes=\"(max-width: 309px) 100vw, 309px\" \/>\t\t\t\t\t\t\t\t\t\t\t\t\t\t\t<\/div>\n\t\t\t\t<div class=\"elementor-element elementor-element-2bd5865 elementor-widget elementor-widget-text-editor\" data-id=\"2bd5865\" data-element_type=\"widget\" data-widget_type=\"text-editor.default\">\n\t\t\t\t\t\t\t\t\t<p>Gourmet Selection<\/p>\t\t\t\t\t\t\t\t<\/div>\n\t\t\t\t<div class=\"elementor-element elementor-element-c4d2b68 elementor-widget elementor-widget-text-editor\" data-id=\"c4d2b68\" data-element_type=\"widget\" data-widget_type=\"text-editor.default\">\n\t\t\t\t\t\t\t\t\t<p>A premium line crafted for those who appreciate exceptional culinary moments. Cal\u00e9 elevates the gourmet experience with refined table olive products that embody sophistication, authenticity, and unmatched quality.<\/p>\t\t\t\t\t\t\t\t<\/div>\n\t\t\t\t<div class=\"elementor-element elementor-element-8b7d790 elementor-align-left elementor-icon-list--layout-traditional elementor-list-item-link-full_width elementor-widget elementor-widget-icon-list\" data-id=\"8b7d790\" data-element_type=\"widget\" data-widget_type=\"icon-list.default\">\n\t\t\t\t\t\t\t<ul class=\"elementor-icon-list-items\">\n\t\t\t\t\t\t\t<li class=\"elementor-icon-list-item\">\n\t\t\t\t\t\t\t\t\t\t\t<span class=\"elementor-icon-list-icon\">\n\t\t\t\t\t\t\t<svg xmlns=\"http:\/\/www.w3.org\/2000\/svg\" id=\"Capa_1\" viewbox=\"0 0 29.4 29.2\"><defs><style> .st0 { fill: #fff; } <\/style><\/defs><path class=\"st0\" d=\"M14.6,1.5C7.2,3.2.7,10.8,1.1,18.6c.3,4.1,2.9,7.6,6.8,8.9,8.2,2.6,17.6-4.2,19.8-12C30.3,6.4,23.9-.6,14.6,1.5ZM4.7,22c-1-1.6-1.6-4.6.8-5.3,3.7-1.1,8.8,5.3,6.1,7.9-2.1,2-5.7-.7-6.9-2.6ZM17.1,5.1c-3.5.7-6.4,2.7-8.9,5.8-.2.1-.6,0-.8-.1-.5-.7.3-1.6.7-2,2-2.3,5-4.3,7.7-5,.5-.1,2.7-.7,2.9,0,.5,1.5-1,1.2-1.6,1.4Z\"><\/path><path class=\"st0\" d=\"M6.3,18.4c-.6.1-.8.8-.8,1.4.1,1.5,1.6,3.1,3,3.6,1.8.7,2.5-.4,1.9-2-.5-1.4-2.5-3.3-4.1-3Z\"><\/path><\/svg>\t\t\t\t\t\t<\/span>\n\t\t\t\t\t\t\t\t\t\t<span class=\"elementor-icon-list-text\">Indulgent positioning centered on enjoyment and exclusivity.<\/span>\n\t\t\t\t\t\t\t\t\t<\/li>\n\t\t\t\t\t\t\t\t<li class=\"elementor-icon-list-item\">\n\t\t\t\t\t\t\t\t\t\t\t<span class=\"elementor-icon-list-icon\">\n\t\t\t\t\t\t\t<svg xmlns=\"http:\/\/www.w3.org\/2000\/svg\" id=\"Capa_1\" viewbox=\"0 0 29.4 29.2\"><defs><style> .st0 { fill: #fff; } <\/style><\/defs><path class=\"st0\" d=\"M14.6,1.5C7.2,3.2.7,10.8,1.1,18.6c.3,4.1,2.9,7.6,6.8,8.9,8.2,2.6,17.6-4.2,19.8-12C30.3,6.4,23.9-.6,14.6,1.5ZM4.7,22c-1-1.6-1.6-4.6.8-5.3,3.7-1.1,8.8,5.3,6.1,7.9-2.1,2-5.7-.7-6.9-2.6ZM17.1,5.1c-3.5.7-6.4,2.7-8.9,5.8-.2.1-.6,0-.8-.1-.5-.7.3-1.6.7-2,2-2.3,5-4.3,7.7-5,.5-.1,2.7-.7,2.9,0,.5,1.5-1,1.2-1.6,1.4Z\"><\/path><path class=\"st0\" d=\"M6.3,18.4c-.6.1-.8.8-.8,1.4.1,1.5,1.6,3.1,3,3.6,1.8.7,2.5-.4,1.9-2-.5-1.4-2.5-3.3-4.1-3Z\"><\/path><\/svg>\t\t\t\t\t\t<\/span>\n\t\t\t\t\t\t\t\t\t\t<span class=\"elementor-icon-list-text\">Gourmet flavors and presentations for refined tastes.<\/span>\n\t\t\t\t\t\t\t\t\t<\/li>\n\t\t\t\t\t\t\t\t<li class=\"elementor-icon-list-item\">\n\t\t\t\t\t\t\t\t\t\t\t<span class=\"elementor-icon-list-icon\">\n\t\t\t\t\t\t\t<svg xmlns=\"http:\/\/www.w3.org\/2000\/svg\" id=\"Capa_1\" viewbox=\"0 0 29.4 29.2\"><defs><style> .st0 { fill: #fff; } <\/style><\/defs><path class=\"st0\" d=\"M14.6,1.5C7.2,3.2.7,10.8,1.1,18.6c.3,4.1,2.9,7.6,6.8,8.9,8.2,2.6,17.6-4.2,19.8-12C30.3,6.4,23.9-.6,14.6,1.5ZM4.7,22c-1-1.6-1.6-4.6.8-5.3,3.7-1.1,8.8,5.3,6.1,7.9-2.1,2-5.7-.7-6.9-2.6ZM17.1,5.1c-3.5.7-6.4,2.7-8.9,5.8-.2.1-.6,0-.8-.1-.5-.7.3-1.6.7-2,2-2.3,5-4.3,7.7-5,.5-.1,2.7-.7,2.9,0,.5,1.5-1,1.2-1.6,1.4Z\"><\/path><path class=\"st0\" d=\"M6.3,18.4c-.6.1-.8.8-.8,1.4.1,1.5,1.6,3.1,3,3.6,1.8.7,2.5-.4,1.9-2-.5-1.4-2.5-3.3-4.1-3Z\"><\/path><\/svg>\t\t\t\t\t\t<\/span>\n\t\t\t\t\t\t\t\t\t\t<span class=\"elementor-icon-list-text\">Innovation at every stage, from recipe to packaging.<\/span>\n\t\t\t\t\t\t\t\t\t<\/li>\n\t\t\t\t\t\t\t\t<li class=\"elementor-icon-list-item\">\n\t\t\t\t\t\t\t\t\t\t\t<span class=\"elementor-icon-list-icon\">\n\t\t\t\t\t\t\t<svg xmlns=\"http:\/\/www.w3.org\/2000\/svg\" id=\"Capa_1\" viewbox=\"0 0 29.4 29.2\"><defs><style> .st0 { fill: #fff; } <\/style><\/defs><path class=\"st0\" d=\"M14.6,1.5C7.2,3.2.7,10.8,1.1,18.6c.3,4.1,2.9,7.6,6.8,8.9,8.2,2.6,17.6-4.2,19.8-12C30.3,6.4,23.9-.6,14.6,1.5ZM4.7,22c-1-1.6-1.6-4.6.8-5.3,3.7-1.1,8.8,5.3,6.1,7.9-2.1,2-5.7-.7-6.9-2.6ZM17.1,5.1c-3.5.7-6.4,2.7-8.9,5.8-.2.1-.6,0-.8-.1-.5-.7.3-1.6.7-2,2-2.3,5-4.3,7.7-5,.5-.1,2.7-.7,2.9,0,.5,1.5-1,1.2-1.6,1.4Z\"><\/path><path class=\"st0\" d=\"M6.3,18.4c-.6.1-.8.8-.8,1.4.1,1.5,1.6,3.1,3,3.6,1.8.7,2.5-.4,1.9-2-.5-1.4-2.5-3.3-4.1-3Z\"><\/path><\/svg>\t\t\t\t\t\t<\/span>\n\t\t\t\t\t\t\t\t\t\t<span class=\"elementor-icon-list-text\">Perfect for premium retail, specialty shops, and curated selections.<\/span>\n\t\t\t\t\t\t\t\t\t<\/li>\n\t\t\t\t\t\t<\/ul>\n\t\t\t\t\t\t<\/div>\n\t\t\t\t<\/div>\n\t\t\t\t<\/div>\n\t\t<div class=\"elementor-element elementor-element-5d5d7a3 e-con-full e-flex e-con e-child\" data-id=\"5d5d7a3\" data-element_type=\"container\">\n\t\t<div class=\"elementor-element elementor-element-177a601 e-con-full e-flex e-con e-child\" data-id=\"177a601\" data-element_type=\"container\" data-settings=\"{&quot;background_background&quot;:&quot;classic&quot;}\">\n\t\t\t\t<div class=\"elementor-element elementor-element-9c51f30 elementor-widget__width-initial elementor-widget elementor-widget-image\" data-id=\"9c51f30\" data-element_type=\"widget\" data-widget_type=\"image.default\">\n\t\t\t\t\t\t\t\t\t\t\t\t\t\t\t<img decoding=\"async\" width=\"319\" height=\"230\" src=\"https:\/\/www.agronobex.com\/wp-content\/uploads\/2025\/10\/logo-olivalle.png\" class=\"attachment-large size-large wp-image-1161\" alt=\"\" srcset=\"https:\/\/www.agronobex.com\/wp-content\/uploads\/2025\/10\/logo-olivalle.png 319w, https:\/\/www.agronobex.com\/wp-content\/uploads\/2025\/10\/logo-olivalle-300x216.png 300w\" sizes=\"(max-width: 319px) 100vw, 319px\" \/>\t\t\t\t\t\t\t\t\t\t\t\t\t\t\t<\/div>\n\t\t\t\t<div class=\"elementor-element elementor-element-d5224e4 elementor-widget elementor-widget-text-editor\" data-id=\"d5224e4\" data-element_type=\"widget\" data-widget_type=\"text-editor.default\">\n\t\t\t\t\t\t\t\t\t<p>Tradition Made Accessible<\/p>\t\t\t\t\t\t\t\t<\/div>\n\t\t\t\t<div class=\"elementor-element elementor-element-53e3dfb elementor-widget elementor-widget-text-editor\" data-id=\"53e3dfb\" data-element_type=\"widget\" data-widget_type=\"text-editor.default\">\n\t\t\t\t\t\t\t\t\t<p>Designed for a wider audience, <b>Olivalle<\/b> delivers the perfect balance between quality and value. With practical formats and cost-efficient packaging, it brings the unmistakable essence of Peruvian olives to everyday consumption.<\/p>\t\t\t\t\t\t\t\t<\/div>\n\t\t\t\t<div class=\"elementor-element elementor-element-56dc7d3 elementor-align-left elementor-icon-list--layout-traditional elementor-list-item-link-full_width elementor-widget elementor-widget-icon-list\" data-id=\"56dc7d3\" data-element_type=\"widget\" data-widget_type=\"icon-list.default\">\n\t\t\t\t\t\t\t<ul class=\"elementor-icon-list-items\">\n\t\t\t\t\t\t\t<li class=\"elementor-icon-list-item\">\n\t\t\t\t\t\t\t\t\t\t\t<span class=\"elementor-icon-list-icon\">\n\t\t\t\t\t\t\t<svg xmlns=\"http:\/\/www.w3.org\/2000\/svg\" id=\"Capa_1\" viewbox=\"0 0 29.4 29.2\"><defs><style> .st0 { fill: #fff; } <\/style><\/defs><path class=\"st0\" d=\"M14.6,1.5C7.2,3.2.7,10.8,1.1,18.6c.3,4.1,2.9,7.6,6.8,8.9,8.2,2.6,17.6-4.2,19.8-12C30.3,6.4,23.9-.6,14.6,1.5ZM4.7,22c-1-1.6-1.6-4.6.8-5.3,3.7-1.1,8.8,5.3,6.1,7.9-2.1,2-5.7-.7-6.9-2.6ZM17.1,5.1c-3.5.7-6.4,2.7-8.9,5.8-.2.1-.6,0-.8-.1-.5-.7.3-1.6.7-2,2-2.3,5-4.3,7.7-5,.5-.1,2.7-.7,2.9,0,.5,1.5-1,1.2-1.6,1.4Z\"><\/path><path class=\"st0\" d=\"M6.3,18.4c-.6.1-.8.8-.8,1.4.1,1.5,1.6,3.1,3,3.6,1.8.7,2.5-.4,1.9-2-.5-1.4-2.5-3.3-4.1-3Z\"><\/path><\/svg>\t\t\t\t\t\t<\/span>\n\t\t\t\t\t\t\t\t\t\t<span class=\"elementor-icon-list-text\">Premium taste at an accessible price point.<\/span>\n\t\t\t\t\t\t\t\t\t<\/li>\n\t\t\t\t\t\t\t\t<li class=\"elementor-icon-list-item\">\n\t\t\t\t\t\t\t\t\t\t\t<span class=\"elementor-icon-list-icon\">\n\t\t\t\t\t\t\t<svg xmlns=\"http:\/\/www.w3.org\/2000\/svg\" id=\"Capa_1\" viewbox=\"0 0 29.4 29.2\"><defs><style> .st0 { fill: #fff; } <\/style><\/defs><path class=\"st0\" d=\"M14.6,1.5C7.2,3.2.7,10.8,1.1,18.6c.3,4.1,2.9,7.6,6.8,8.9,8.2,2.6,17.6-4.2,19.8-12C30.3,6.4,23.9-.6,14.6,1.5ZM4.7,22c-1-1.6-1.6-4.6.8-5.3,3.7-1.1,8.8,5.3,6.1,7.9-2.1,2-5.7-.7-6.9-2.6ZM17.1,5.1c-3.5.7-6.4,2.7-8.9,5.8-.2.1-.6,0-.8-.1-.5-.7.3-1.6.7-2,2-2.3,5-4.3,7.7-5,.5-.1,2.7-.7,2.9,0,.5,1.5-1,1.2-1.6,1.4Z\"><\/path><path class=\"st0\" d=\"M6.3,18.4c-.6.1-.8.8-.8,1.4.1,1.5,1.6,3.1,3,3.6,1.8.7,2.5-.4,1.9-2-.5-1.4-2.5-3.3-4.1-3Z\"><\/path><\/svg>\t\t\t\t\t\t<\/span>\n\t\t\t\t\t\t\t\t\t\t<span class=\"elementor-icon-list-text\">Multiple packaging options tailored to market demand.<\/span>\n\t\t\t\t\t\t\t\t\t<\/li>\n\t\t\t\t\t\t\t\t<li class=\"elementor-icon-list-item\">\n\t\t\t\t\t\t\t\t\t\t\t<span class=\"elementor-icon-list-icon\">\n\t\t\t\t\t\t\t<svg xmlns=\"http:\/\/www.w3.org\/2000\/svg\" id=\"Capa_1\" viewbox=\"0 0 29.4 29.2\"><defs><style> .st0 { fill: #fff; } <\/style><\/defs><path class=\"st0\" d=\"M14.6,1.5C7.2,3.2.7,10.8,1.1,18.6c.3,4.1,2.9,7.6,6.8,8.9,8.2,2.6,17.6-4.2,19.8-12C30.3,6.4,23.9-.6,14.6,1.5ZM4.7,22c-1-1.6-1.6-4.6.8-5.3,3.7-1.1,8.8,5.3,6.1,7.9-2.1,2-5.7-.7-6.9-2.6ZM17.1,5.1c-3.5.7-6.4,2.7-8.9,5.8-.2.1-.6,0-.8-.1-.5-.7.3-1.6.7-2,2-2.3,5-4.3,7.7-5,.5-.1,2.7-.7,2.9,0,.5,1.5-1,1.2-1.6,1.4Z\"><\/path><path class=\"st0\" d=\"M6.3,18.4c-.6.1-.8.8-.8,1.4.1,1.5,1.6,3.1,3,3.6,1.8.7,2.5-.4,1.9-2-.5-1.4-2.5-3.3-4.1-3Z\"><\/path><\/svg>\t\t\t\t\t\t<\/span>\n\t\t\t\t\t\t\t\t\t\t<span class=\"elementor-icon-list-text\">Ideal for family consumption and large-scale distribution.<\/span>\n\t\t\t\t\t\t\t\t\t<\/li>\n\t\t\t\t\t\t\t\t<li class=\"elementor-icon-list-item\">\n\t\t\t\t\t\t\t\t\t\t\t<span class=\"elementor-icon-list-icon\">\n\t\t\t\t\t\t\t<svg xmlns=\"http:\/\/www.w3.org\/2000\/svg\" id=\"Capa_1\" viewbox=\"0 0 29.4 29.2\"><defs><style> .st0 { fill: #fff; } <\/style><\/defs><path class=\"st0\" d=\"M14.6,1.5C7.2,3.2.7,10.8,1.1,18.6c.3,4.1,2.9,7.6,6.8,8.9,8.2,2.6,17.6-4.2,19.8-12C30.3,6.4,23.9-.6,14.6,1.5ZM4.7,22c-1-1.6-1.6-4.6.8-5.3,3.7-1.1,8.8,5.3,6.1,7.9-2.1,2-5.7-.7-6.9-2.6ZM17.1,5.1c-3.5.7-6.4,2.7-8.9,5.8-.2.1-.6,0-.8-.1-.5-.7.3-1.6.7-2,2-2.3,5-4.3,7.7-5,.5-.1,2.7-.7,2.9,0,.5,1.5-1,1.2-1.6,1.4Z\"><\/path><path class=\"st0\" d=\"M6.3,18.4c-.6.1-.8.8-.8,1.4.1,1.5,1.6,3.1,3,3.6,1.8.7,2.5-.4,1.9-2-.5-1.4-2.5-3.3-4.1-3Z\"><\/path><\/svg>\t\t\t\t\t\t<\/span>\n\t\t\t\t\t\t\t\t\t\t<span class=\"elementor-icon-list-text\">Authentic Peruvian table olives on every table.<\/span>\n\t\t\t\t\t\t\t\t\t<\/li>\n\t\t\t\t\t\t<\/ul>\n\t\t\t\t\t\t<\/div>\n\t\t\t\t<\/div>\n\t\t<div class=\"elementor-element elementor-element-14a8ed5 e-con-full e-flex e-con e-child\" data-id=\"14a8ed5\" data-element_type=\"container\" data-settings=\"{&quot;background_background&quot;:&quot;classic&quot;}\">\n\t\t\t\t<div class=\"elementor-element elementor-element-0d6c068 elementor-widget elementor-widget-image\" data-id=\"0d6c068\" data-element_type=\"widget\" data-widget_type=\"image.default\">\n\t\t\t\t\t\t\t\t\t\t\t\t\t\t\t<img loading=\"lazy\" decoding=\"async\" width=\"800\" height=\"534\" src=\"https:\/\/www.agronobex.com\/wp-content\/uploads\/2025\/10\/Recurso-54olivalle-1024x683.webp\" class=\"attachment-large size-large wp-image-1163\" alt=\"\" srcset=\"https:\/\/www.agronobex.com\/wp-content\/uploads\/2025\/10\/Recurso-54olivalle-1024x683.webp 1024w, https:\/\/www.agronobex.com\/wp-content\/uploads\/2025\/10\/Recurso-54olivalle-300x200.webp 300w, https:\/\/www.agronobex.com\/wp-content\/uploads\/2025\/10\/Recurso-54olivalle-768x512.webp 768w, https:\/\/www.agronobex.com\/wp-content\/uploads\/2025\/10\/Recurso-54olivalle-1536x1024.webp 1536w, https:\/\/www.agronobex.com\/wp-content\/uploads\/2025\/10\/Recurso-54olivalle.webp 1635w\" sizes=\"(max-width: 800px) 100vw, 800px\" \/>\t\t\t\t\t\t\t\t\t\t\t\t\t\t\t<\/div>\n\t\t\t\t<\/div>\n\t\t\t\t<\/div>\n\t\t<div class=\"elementor-element elementor-element-a1ba3f5 e-con-full e-flex e-con e-child\" data-id=\"a1ba3f5\" data-element_type=\"container\">\n\t\t<div class=\"elementor-element elementor-element-98af82c e-con-full e-flex e-con e-child\" data-id=\"98af82c\" data-element_type=\"container\" data-settings=\"{&quot;background_background&quot;:&quot;classic&quot;}\">\n\t\t\t\t<div class=\"elementor-element elementor-element-b7df191 elementor-widget elementor-widget-image\" data-id=\"b7df191\" data-element_type=\"widget\" data-widget_type=\"image.default\">\n\t\t\t\t\t\t\t\t\t\t\t\t\t\t\t<img loading=\"lazy\" decoding=\"async\" width=\"800\" height=\"534\" src=\"https:\/\/www.agronobex.com\/wp-content\/uploads\/2025\/10\/Recurso-55miaoliva-1024x683.webp\" class=\"attachment-large size-large wp-image-1165\" alt=\"\" srcset=\"https:\/\/www.agronobex.com\/wp-content\/uploads\/2025\/10\/Recurso-55miaoliva-1024x683.webp 1024w, https:\/\/www.agronobex.com\/wp-content\/uploads\/2025\/10\/Recurso-55miaoliva-300x200.webp 300w, https:\/\/www.agronobex.com\/wp-content\/uploads\/2025\/10\/Recurso-55miaoliva-768x512.webp 768w, https:\/\/www.agronobex.com\/wp-content\/uploads\/2025\/10\/Recurso-55miaoliva-1536x1025.webp 1536w, https:\/\/www.agronobex.com\/wp-content\/uploads\/2025\/10\/Recurso-55miaoliva.webp 1653w\" sizes=\"(max-width: 800px) 100vw, 800px\" \/>\t\t\t\t\t\t\t\t\t\t\t\t\t\t\t<\/div>\n\t\t\t\t<\/div>\n\t\t<div class=\"elementor-element elementor-element-2563961 e-con-full e-flex e-con e-child\" data-id=\"2563961\" data-element_type=\"container\" data-settings=\"{&quot;background_background&quot;:&quot;classic&quot;}\">\n\t\t\t\t<div class=\"elementor-element elementor-element-33d1c14 elementor-widget__width-initial elementor-widget elementor-widget-image\" data-id=\"33d1c14\" data-element_type=\"widget\" data-widget_type=\"image.default\">\n\t\t\t\t\t\t\t\t\t\t\t\t\t\t\t<img loading=\"lazy\" decoding=\"async\" width=\"416\" height=\"100\" src=\"https:\/\/www.agronobex.com\/wp-content\/uploads\/2025\/10\/Recurso-53logo-mia-oliva.png\" class=\"attachment-large size-large wp-image-1162\" alt=\"\" srcset=\"https:\/\/www.agronobex.com\/wp-content\/uploads\/2025\/10\/Recurso-53logo-mia-oliva.png 416w, https:\/\/www.agronobex.com\/wp-content\/uploads\/2025\/10\/Recurso-53logo-mia-oliva-300x72.png 300w\" sizes=\"(max-width: 416px) 100vw, 416px\" \/>\t\t\t\t\t\t\t\t\t\t\t\t\t\t\t<\/div>\n\t\t\t\t<div class=\"elementor-element elementor-element-9227c50 elementor-widget elementor-widget-text-editor\" data-id=\"9227c50\" data-element_type=\"widget\" data-widget_type=\"text-editor.default\">\n\t\t\t\t\t\t\t\t\t<p>Inspired by the Authentic Essence of the Peruvian Olive<\/p>\t\t\t\t\t\t\t\t<\/div>\n\t\t\t\t<div class=\"elementor-element elementor-element-671f554 elementor-widget elementor-widget-text-editor\" data-id=\"671f554\" data-element_type=\"widget\" data-widget_type=\"text-editor.default\">\n\t\t\t\t\t\t\t\t\t<p>A fresh and versatile brand for consumers who appreciate authenticity. Offering bold flavors and convenient presentations, it introduces the tradition of our land to new lifestyles and global markets.<\/p>\t\t\t\t\t\t\t\t<\/div>\n\t\t\t\t<div class=\"elementor-element elementor-element-1a00aa1 elementor-align-left elementor-icon-list--layout-traditional elementor-list-item-link-full_width elementor-widget elementor-widget-icon-list\" data-id=\"1a00aa1\" data-element_type=\"widget\" data-widget_type=\"icon-list.default\">\n\t\t\t\t\t\t\t<ul class=\"elementor-icon-list-items\">\n\t\t\t\t\t\t\t<li class=\"elementor-icon-list-item\">\n\t\t\t\t\t\t\t\t\t\t\t<span class=\"elementor-icon-list-icon\">\n\t\t\t\t\t\t\t<svg xmlns=\"http:\/\/www.w3.org\/2000\/svg\" id=\"Capa_1\" viewbox=\"0 0 29.4 29.2\"><defs><style> .st0 { fill: #fff; } <\/style><\/defs><path class=\"st0\" d=\"M14.6,1.5C7.2,3.2.7,10.8,1.1,18.6c.3,4.1,2.9,7.6,6.8,8.9,8.2,2.6,17.6-4.2,19.8-12C30.3,6.4,23.9-.6,14.6,1.5ZM4.7,22c-1-1.6-1.6-4.6.8-5.3,3.7-1.1,8.8,5.3,6.1,7.9-2.1,2-5.7-.7-6.9-2.6ZM17.1,5.1c-3.5.7-6.4,2.7-8.9,5.8-.2.1-.6,0-.8-.1-.5-.7.3-1.6.7-2,2-2.3,5-4.3,7.7-5,.5-.1,2.7-.7,2.9,0,.5,1.5-1,1.2-1.6,1.4Z\"><\/path><path class=\"st0\" d=\"M6.3,18.4c-.6.1-.8.8-.8,1.4.1,1.5,1.6,3.1,3,3.6,1.8.7,2.5-.4,1.9-2-.5-1.4-2.5-3.3-4.1-3Z\"><\/path><\/svg>\t\t\t\t\t\t<\/span>\n\t\t\t\t\t\t\t\t\t\t<span class=\"elementor-icon-list-text\">A truly authentic flavor profile in every option.<\/span>\n\t\t\t\t\t\t\t\t\t<\/li>\n\t\t\t\t\t\t\t\t<li class=\"elementor-icon-list-item\">\n\t\t\t\t\t\t\t\t\t\t\t<span class=\"elementor-icon-list-icon\">\n\t\t\t\t\t\t\t<svg xmlns=\"http:\/\/www.w3.org\/2000\/svg\" id=\"Capa_1\" viewbox=\"0 0 29.4 29.2\"><defs><style> .st0 { fill: #fff; } <\/style><\/defs><path class=\"st0\" d=\"M14.6,1.5C7.2,3.2.7,10.8,1.1,18.6c.3,4.1,2.9,7.6,6.8,8.9,8.2,2.6,17.6-4.2,19.8-12C30.3,6.4,23.9-.6,14.6,1.5ZM4.7,22c-1-1.6-1.6-4.6.8-5.3,3.7-1.1,8.8,5.3,6.1,7.9-2.1,2-5.7-.7-6.9-2.6ZM17.1,5.1c-3.5.7-6.4,2.7-8.9,5.8-.2.1-.6,0-.8-.1-.5-.7.3-1.6.7-2,2-2.3,5-4.3,7.7-5,.5-.1,2.7-.7,2.9,0,.5,1.5-1,1.2-1.6,1.4Z\"><\/path><path class=\"st0\" d=\"M6.3,18.4c-.6.1-.8.8-.8,1.4.1,1.5,1.6,3.1,3,3.6,1.8.7,2.5-.4,1.9-2-.5-1.4-2.5-3.3-4.1-3Z\"><\/path><\/svg>\t\t\t\t\t\t<\/span>\n\t\t\t\t\t\t\t\t\t\t<span class=\"elementor-icon-list-text\">High-quality, convenient formats adapted to modern consumption.<\/span>\n\t\t\t\t\t\t\t\t\t<\/li>\n\t\t\t\t\t\t\t\t<li class=\"elementor-icon-list-item\">\n\t\t\t\t\t\t\t\t\t\t\t<span class=\"elementor-icon-list-icon\">\n\t\t\t\t\t\t\t<svg xmlns=\"http:\/\/www.w3.org\/2000\/svg\" id=\"Capa_1\" viewbox=\"0 0 29.4 29.2\"><defs><style> .st0 { fill: #fff; } <\/style><\/defs><path class=\"st0\" d=\"M14.6,1.5C7.2,3.2.7,10.8,1.1,18.6c.3,4.1,2.9,7.6,6.8,8.9,8.2,2.6,17.6-4.2,19.8-12C30.3,6.4,23.9-.6,14.6,1.5ZM4.7,22c-1-1.6-1.6-4.6.8-5.3,3.7-1.1,8.8,5.3,6.1,7.9-2.1,2-5.7-.7-6.9-2.6ZM17.1,5.1c-3.5.7-6.4,2.7-8.9,5.8-.2.1-.6,0-.8-.1-.5-.7.3-1.6.7-2,2-2.3,5-4.3,7.7-5,.5-.1,2.7-.7,2.9,0,.5,1.5-1,1.2-1.6,1.4Z\"><\/path><path class=\"st0\" d=\"M6.3,18.4c-.6.1-.8.8-.8,1.4.1,1.5,1.6,3.1,3,3.6,1.8.7,2.5-.4,1.9-2-.5-1.4-2.5-3.3-4.1-3Z\"><\/path><\/svg>\t\t\t\t\t\t<\/span>\n\t\t\t\t\t\t\t\t\t\t<span class=\"elementor-icon-list-text\">Suitable for home, food service, and culinary creativity.<\/span>\n\t\t\t\t\t\t\t\t\t<\/li>\n\t\t\t\t\t\t\t\t<li class=\"elementor-icon-list-item\">\n\t\t\t\t\t\t\t\t\t\t\t<span class=\"elementor-icon-list-icon\">\n\t\t\t\t\t\t\t<svg xmlns=\"http:\/\/www.w3.org\/2000\/svg\" id=\"Capa_1\" viewbox=\"0 0 29.4 29.2\"><defs><style> .st0 { fill: #fff; } <\/style><\/defs><path class=\"st0\" d=\"M14.6,1.5C7.2,3.2.7,10.8,1.1,18.6c.3,4.1,2.9,7.6,6.8,8.9,8.2,2.6,17.6-4.2,19.8-12C30.3,6.4,23.9-.6,14.6,1.5ZM4.7,22c-1-1.6-1.6-4.6.8-5.3,3.7-1.1,8.8,5.3,6.1,7.9-2.1,2-5.7-.7-6.9-2.6ZM17.1,5.1c-3.5.7-6.4,2.7-8.9,5.8-.2.1-.6,0-.8-.1-.5-.7.3-1.6.7-2,2-2.3,5-4.3,7.7-5,.5-.1,2.7-.7,2.9,0,.5,1.5-1,1.2-1.6,1.4Z\"><\/path><path class=\"st0\" d=\"M6.3,18.4c-.6.1-.8.8-.8,1.4.1,1.5,1.6,3.1,3,3.6,1.8.7,2.5-.4,1.9-2-.5-1.4-2.5-3.3-4.1-3Z\"><\/path><\/svg>\t\t\t\t\t\t<\/span>\n\t\t\t\t\t\t\t\t\t\t<span class=\"elementor-icon-list-text\">An affordable way to experience tradition with a modern touch.<\/span>\n\t\t\t\t\t\t\t\t\t<\/li>\n\t\t\t\t\t\t<\/ul>\n\t\t\t\t\t\t<\/div>\n\t\t\t\t<\/div>\n\t\t\t\t<\/div>\n\t\t\t\t<\/div>\n\t\t\t\t\t<\/div>\n\t\t\t\t<\/div>\n\t\t\t\t<\/div>","protected":false},"excerpt":{"rendered":"<p>Nuestras Marcas Nuestras Marcas Desarrollamos marcas para distintos segmentos de mercado Gourmet Selection La l\u00ednea premium de Nobex, creada para quienes buscan experiencias gastron\u00f3micas \u00fanicas. Con productos gourmet de aceitunas de mesa, Cal\u00e9 representa sofisticaci\u00f3n, autenticidad y calidad en cada detalle. Posicionamiento de indulgencia y disfrute. Sabores y presentaciones gourmet para paladares exigentes. Enfoque en [&hellip;]<\/p>","protected":false},"author":1,"featured_media":0,"parent":0,"menu_order":0,"comment_status":"closed","ping_status":"closed","template":"","meta":{"_acf_changed":false,"footnotes":""},"class_list":["post-1094","page","type-page","status-publish","hentry"],"acf":[],"_links":{"self":[{"href":"https:\/\/www.agronobex.com\/en\/wp-json\/wp\/v2\/pages\/1094","targetHints":{"allow":["GET"]}}],"collection":[{"href":"https:\/\/www.agronobex.com\/en\/wp-json\/wp\/v2\/pages"}],"about":[{"href":"https:\/\/www.agronobex.com\/en\/wp-json\/wp\/v2\/types\/page"}],"author":[{"embeddable":true,"href":"https:\/\/www.agronobex.com\/en\/wp-json\/wp\/v2\/users\/1"}],"replies":[{"embeddable":true,"href":"https:\/\/www.agronobex.com\/en\/wp-json\/wp\/v2\/comments?post=1094"}],"version-history":[{"count":12,"href":"https:\/\/www.agronobex.com\/en\/wp-json\/wp\/v2\/pages\/1094\/revisions"}],"predecessor-version":[{"id":1960,"href":"https:\/\/www.agronobex.com\/en\/wp-json\/wp\/v2\/pages\/1094\/revisions\/1960"}],"wp:attachment":[{"href":"https:\/\/www.agronobex.com\/en\/wp-json\/wp\/v2\/media?parent=1094"}],"curies":[{"name":"wp","href":"https:\/\/api.w.org\/{rel}","templated":true}]}}